{"id":199,"date":"2024-02-27T15:00:29","date_gmt":"2024-02-27T14:00:29","guid":{"rendered":"https:\/\/newpark.b42.it\/kjesmo\/"},"modified":"2024-04-09T11:26:07","modified_gmt":"2024-04-09T09:26:07","slug":"kjesmo","status":"publish","type":"page","link":"https:\/\/ronchippark.it\/sl\/kjesmo\/","title":{"rendered":"Kjesmo"},"content":{"rendered":"\n<p>Na\u0161e parkiri\u0161\u010de najdete samo dve minuti (800 metrov), od letali\u0161\u010da Ronchi Furlanija-Julijska krajina. Nudimo vam udoben prevoz do in iz letali\u0161\u010da, skrb za va\u0161 avto, z najni\u017ejimi cenami.<\/p>\n\n<p><strong>45\u00b049\u201908.0\u2033N 13\u00b028\u201916.2\u2033E<\/strong><\/p>\n","protected":false},"excerpt":{"rendered":"<p>Na\u0161e parkiri\u0161\u010de najdete samo dve minuti (800 metrov), od letali\u0161\u010da Ronchi Furlanija-Julijska krajina. Nudimo vam udoben prevoz do in iz letali\u0161\u010da, skrb za va\u0161 avto, z najni\u017ejimi cenami. 45\u00b049\u201908.0\u2033N 13\u00b028\u201916.2\u2033E<\/p>\n","protected":false},"author":1,"featured_media":159,"parent":0,"menu_order":0,"comment_status":"closed","ping_status":"closed","template":"page-where-we-are.php","meta":{"_acf_changed":false,"footnotes":""},"class_list":["post-199","page","type-page","status-publish","has-post-thumbnail","hentry"],"acf":[],"_links":{"self":[{"href":"https:\/\/ronchippark.it\/sl\/wp-json\/wp\/v2\/pages\/199","targetHints":{"allow":["GET"]}}],"collection":[{"href":"https:\/\/ronchippark.it\/sl\/wp-json\/wp\/v2\/pages"}],"about":[{"href":"https:\/\/ronchippark.it\/sl\/wp-json\/wp\/v2\/types\/page"}],"author":[{"embeddable":true,"href":"https:\/\/ronchippark.it\/sl\/wp-json\/wp\/v2\/users\/1"}],"replies":[{"embeddable":true,"href":"https:\/\/ronchippark.it\/sl\/wp-json\/wp\/v2\/comments?post=199"}],"version-history":[{"count":1,"href":"https:\/\/ronchippark.it\/sl\/wp-json\/wp\/v2\/pages\/199\/revisions"}],"predecessor-version":[{"id":200,"href":"https:\/\/ronchippark.it\/sl\/wp-json\/wp\/v2\/pages\/199\/revisions\/200"}],"wp:featuredmedia":[{"embeddable":true,"href":"https:\/\/ronchippark.it\/sl\/wp-json\/wp\/v2\/media\/159"}],"wp:attachment":[{"href":"https:\/\/ronchippark.it\/sl\/wp-json\/wp\/v2\/media?parent=199"}],"curies":[{"name":"wp","href":"https:\/\/api.w.org\/{rel}","templated":true}]}}