{"id":192,"date":"2024-02-13T09:37:55","date_gmt":"2024-02-13T08:37:55","guid":{"rendered":"https:\/\/newpark.b42.it\/povprasevanje\/"},"modified":"2024-07-25T13:04:06","modified_gmt":"2024-07-25T11:04:06","slug":"povprasevanje","status":"publish","type":"page","link":"https:\/\/ronchippark.it\/sl\/povprasevanje\/","title":{"rendered":"Povpra\u0161evanje"},"content":{"rendered":"\n<h3 class=\"wp-block-heading\">PREDHODNO REZERVIRAJTE SVOJ MESTO<\/h3>\n\n\n\n<p>Izpolni obrazec povpra\u0161evanja in preveri proste kapacitete.<br>Odgovor dobite v najhitrej\u0161em mo\u017enem \u010dasu.<\/p>\n\n\n\n<p class=\"has-vivid-red-color has-text-color has-link-color wp-elements-8ae4f70785e6763d3eb0847c9590d8c8\"><strong>Preverite na\u0161 odgovor v svoji &#8220;ne\u017eeleni\/ne\u017eeleni&#8221; po\u0161ti<\/strong><\/p>\n\n\n\n<hr class=\"wp-block-separator has-alpha-channel-opacity\"\/>\n\n\n\n<h3 class=\"wp-block-heading\">RONCHI P PARK<\/h3>\n\n\n\n<p>Via Smareglia 17, Localit\u00e0 Begliano<br>San Canzian d\u2019Isonzo (GO)<\/p>\n\n\n\n<p>P.I. 01171140310<br>C.F. PLLNDR91D25F356B<\/p>\n\n\n\n<ul class=\"wp-block-list\">\n<li><strong>TEL.<\/strong> [+39] 331 7220070<\/li>\n\n\n\n<li><strong>E-naslov <\/strong> <a href=\"mailto:info@ronchippark.it\">info@ronchippark.it<\/a><\/li>\n<\/ul>\n","protected":false},"excerpt":{"rendered":"<p>PREDHODNO REZERVIRAJTE SVOJ MESTO Izpolni obrazec povpra\u0161evanja in preveri proste kapacitete.Odgovor dobite v najhitrej\u0161em mo\u017enem \u010dasu. Preverite na\u0161 odgovor v svoji &#8220;ne\u017eeleni\/ne\u017eeleni&#8221; po\u0161ti RONCHI P PARK Via Smareglia 17, Localit\u00e0 BeglianoSan Canzian d\u2019Isonzo (GO) P.I. 01171140310C.F. PLLNDR91D25F356B<\/p>\n","protected":false},"author":1,"featured_media":41,"parent":0,"menu_order":0,"comment_status":"closed","ping_status":"closed","template":"page-availability.php","meta":{"_acf_changed":false,"footnotes":""},"class_list":["post-192","page","type-page","status-publish","has-post-thumbnail","hentry"],"acf":[],"_links":{"self":[{"href":"https:\/\/ronchippark.it\/sl\/wp-json\/wp\/v2\/pages\/192","targetHints":{"allow":["GET"]}}],"collection":[{"href":"https:\/\/ronchippark.it\/sl\/wp-json\/wp\/v2\/pages"}],"about":[{"href":"https:\/\/ronchippark.it\/sl\/wp-json\/wp\/v2\/types\/page"}],"author":[{"embeddable":true,"href":"https:\/\/ronchippark.it\/sl\/wp-json\/wp\/v2\/users\/1"}],"replies":[{"embeddable":true,"href":"https:\/\/ronchippark.it\/sl\/wp-json\/wp\/v2\/comments?post=192"}],"version-history":[{"count":2,"href":"https:\/\/ronchippark.it\/sl\/wp-json\/wp\/v2\/pages\/192\/revisions"}],"predecessor-version":[{"id":238,"href":"https:\/\/ronchippark.it\/sl\/wp-json\/wp\/v2\/pages\/192\/revisions\/238"}],"wp:featuredmedia":[{"embeddable":true,"href":"https:\/\/ronchippark.it\/sl\/wp-json\/wp\/v2\/media\/41"}],"wp:attachment":[{"href":"https:\/\/ronchippark.it\/sl\/wp-json\/wp\/v2\/media?parent=192"}],"curies":[{"name":"wp","href":"https:\/\/api.w.org\/{rel}","templated":true}]}}