{"id":183,"date":"2024-02-13T14:51:48","date_gmt":"2024-02-13T13:51:48","guid":{"rendered":"https:\/\/newpark.b42.it\/cenik\/"},"modified":"2026-03-27T22:09:05","modified_gmt":"2026-03-27T21:09:05","slug":"cenik","status":"publish","type":"page","link":"https:\/\/ronchippark.it\/sl\/cenik\/","title":{"rendered":"Cenik"},"content":{"rendered":"\n<p>Cene v ceniku so za postanke do 14 dni, za ostale dalj\u0161e postanke nas lahko kontaktirate na E-mail: <a href=\"mailto:info@ronchippark.it\">info@ronchippark.it<\/a>. Pripravili vam bomo ponudbo po Va\u0161i meri.<\/p>\n\n\n\n<p><strong>Za dan postanka se \u0161teje 24 ur od va\u0161ega prihoda.<\/strong><\/p>\n\n\n\n<p><strong>POKRIT PROSTOR NA VOLJO Z DOPLA\u010cILOM<\/strong><\/p>\n\n\n\n<p><strong>Za obdobja dalj\u0161a od 14 dni je dnevna tarifa 5,00 eur. <\/strong>Za vse ostale storitve dobite cenik na sede\u017eu parkiri\u0161\u010da ali po E-mailu.<\/p>\n\n\n\n<p><\/p>\n","protected":false},"excerpt":{"rendered":"<p>Cene v ceniku so za postanke do 14 dni, za ostale dalj\u0161e postanke nas lahko kontaktirate na E-mail: info@ronchippark.it. Pripravili vam bomo ponudbo po Va\u0161i meri. Za dan postanka se \u0161teje 24 ur od va\u0161ega prihoda. POKRIT PROSTOR NA VOLJO Z DOPLA\u010cILOM Za obdobja dalj\u0161a od 14 dni je dnevna tarifa 5,00 eur. Za vse [&hellip;]<\/p>\n","protected":false},"author":1,"featured_media":41,"parent":0,"menu_order":0,"comment_status":"closed","ping_status":"closed","template":"page-tariff.php","meta":{"_acf_changed":false,"footnotes":""},"class_list":["post-183","page","type-page","status-publish","has-post-thumbnail","hentry"],"acf":[],"_links":{"self":[{"href":"https:\/\/ronchippark.it\/sl\/wp-json\/wp\/v2\/pages\/183","targetHints":{"allow":["GET"]}}],"collection":[{"href":"https:\/\/ronchippark.it\/sl\/wp-json\/wp\/v2\/pages"}],"about":[{"href":"https:\/\/ronchippark.it\/sl\/wp-json\/wp\/v2\/types\/page"}],"author":[{"embeddable":true,"href":"https:\/\/ronchippark.it\/sl\/wp-json\/wp\/v2\/users\/1"}],"replies":[{"embeddable":true,"href":"https:\/\/ronchippark.it\/sl\/wp-json\/wp\/v2\/comments?post=183"}],"version-history":[{"count":4,"href":"https:\/\/ronchippark.it\/sl\/wp-json\/wp\/v2\/pages\/183\/revisions"}],"predecessor-version":[{"id":258,"href":"https:\/\/ronchippark.it\/sl\/wp-json\/wp\/v2\/pages\/183\/revisions\/258"}],"wp:featuredmedia":[{"embeddable":true,"href":"https:\/\/ronchippark.it\/sl\/wp-json\/wp\/v2\/media\/41"}],"wp:attachment":[{"href":"https:\/\/ronchippark.it\/sl\/wp-json\/wp\/v2\/media?parent=183"}],"curies":[{"name":"wp","href":"https:\/\/api.w.org\/{rel}","templated":true}]}}