{"id":174,"date":"2024-02-13T14:44:02","date_gmt":"2024-02-13T13:44:02","guid":{"rendered":"https:\/\/newpark.b42.it\/transfer-in-storitve\/"},"modified":"2024-07-25T14:37:36","modified_gmt":"2024-07-25T12:37:36","slug":"transfer-in-storitve","status":"publish","type":"page","link":"https:\/\/ronchippark.it\/sl\/transfer-in-storitve\/","title":{"rendered":"Transfer in storitve"},"content":{"rendered":"\n<h2 class=\"wp-block-heading\">OSTALE STORITVE:<br><\/h2>\n\n\n\n<p>Ronchi Park P je parkiri\u0161\u010de \/ gara\u017ea namenjena za vse vrste vozil, za dalj\u0161e ali kraj\u0161e obdobje parkiranja. Parkiri\u0161\u010de je varovano obmo\u010dje, z lastnim videonadzorom. Zaupajte nam svoj avto obenem vam nudimo \u0161iroko paleto storitev po odli\u010dnih cenah.<\/p>\n\n\n\n<p>Ponujamo vam brezpla\u010den prevoz v smeri parkiri\u0161\u010de \u2013 letali\u0161\u010de, neprenehoma 24\/24. Parkiri\u0161\u010de je opremljeno za postanke avtodomov in njihovo oskrbo z vodo in elektri\u010dno energijo.<\/p>\n\n\n\n<p>Ronchi Park P ponuja razli\u010dne pomo\u017ene storitve, kot so polnjenje \/ zamenjava iz\u010drpanih avtomobilskih baterij, avtopralnice, polnenje pnevmatik, zamenjava pnevmatike, obloge z ponjavami proti vremenskim vplivom in oskrbo z gorivom.<br>Zanesljivost in varnost vam omogo\u010dajo, da zapustite letali\u0161\u010de mirni, vedo\u010d, da ste zaupali svoj avto v varnih rokah.<\/p>\n","protected":false},"excerpt":{"rendered":"<p>OSTALE STORITVE: Ronchi Park P je parkiri\u0161\u010de \/ gara\u017ea namenjena za vse vrste vozil, za dalj\u0161e ali kraj\u0161e obdobje parkiranja. Parkiri\u0161\u010de je varovano obmo\u010dje, z lastnim videonadzorom. Zaupajte nam svoj avto obenem vam nudimo \u0161iroko paleto storitev po odli\u010dnih cenah. Ponujamo vam brezpla\u010den prevoz v smeri parkiri\u0161\u010de \u2013 letali\u0161\u010de, neprenehoma 24\/24. Parkiri\u0161\u010de je opremljeno za [&hellip;]<\/p>\n","protected":false},"author":1,"featured_media":107,"parent":0,"menu_order":0,"comment_status":"closed","ping_status":"closed","template":"page-services.php","meta":{"_acf_changed":false,"footnotes":""},"class_list":["post-174","page","type-page","status-publish","has-post-thumbnail","hentry"],"acf":[],"_links":{"self":[{"href":"https:\/\/ronchippark.it\/sl\/wp-json\/wp\/v2\/pages\/174","targetHints":{"allow":["GET"]}}],"collection":[{"href":"https:\/\/ronchippark.it\/sl\/wp-json\/wp\/v2\/pages"}],"about":[{"href":"https:\/\/ronchippark.it\/sl\/wp-json\/wp\/v2\/types\/page"}],"author":[{"embeddable":true,"href":"https:\/\/ronchippark.it\/sl\/wp-json\/wp\/v2\/users\/1"}],"replies":[{"embeddable":true,"href":"https:\/\/ronchippark.it\/sl\/wp-json\/wp\/v2\/comments?post=174"}],"version-history":[{"count":5,"href":"https:\/\/ronchippark.it\/sl\/wp-json\/wp\/v2\/pages\/174\/revisions"}],"predecessor-version":[{"id":239,"href":"https:\/\/ronchippark.it\/sl\/wp-json\/wp\/v2\/pages\/174\/revisions\/239"}],"wp:featuredmedia":[{"embeddable":true,"href":"https:\/\/ronchippark.it\/sl\/wp-json\/wp\/v2\/media\/107"}],"wp:attachment":[{"href":"https:\/\/ronchippark.it\/sl\/wp-json\/wp\/v2\/media?parent=174"}],"curies":[{"name":"wp","href":"https:\/\/api.w.org\/{rel}","templated":true}]}}